{"id":8,"date":"2019-08-15T08:08:36","date_gmt":"2019-08-15T08:08:36","guid":{"rendered":"http:\/\/beta.mk-lehti.fi\/?page_id=8"},"modified":"2020-10-28T20:29:30","modified_gmt":"2020-10-28T18:29:30","slug":"mk-lehti","status":"publish","type":"page","link":"https:\/\/mk-lehti.fi\/","title":{"rendered":"MK-Lehti"},"content":{"rendered":"\n<p> MK-lehti on ollut kelkkailjan asialla jo l\u00e4hes 30 vuotta. MK-lehti ja  Kelkkalehti.com yhdistyiv\u00e4t syksyll\u00e4 2018. Ensimm\u00e4inen yhteinen uusi  numero julkaistiin joulukuussa. Uusi lehti on nimelt\u00e4\u00e4n Kelkkalehti MK. <\/p>\n","protected":false},"excerpt":{"rendered":"<p>MK-lehti on ollut kelkkailjan asialla jo l\u00e4hes 30 vuotta. MK-lehti ja Kelkkalehti.com yhdistyiv\u00e4t syksyll\u00e4 2018. Ensimm\u00e4inen yhteinen uusi numero julkaistiin joulukuussa. Uusi lehti on nimelt\u00e4\u00e4n Kelkkalehti MK.<\/p>\n","protected":false},"author":2,"featured_media":0,"parent":0,"menu_order":0,"comment_status":"closed","ping_status":"closed","template":"","meta":{"footnotes":""},"class_list":["post-8","page","type-page","status-publish","hentry"],"_links":{"self":[{"href":"https:\/\/mk-lehti.fi\/index.php?rest_route=\/wp\/v2\/pages\/8","targetHints":{"allow":["GET"]}}],"collection":[{"href":"https:\/\/mk-lehti.fi\/index.php?rest_route=\/wp\/v2\/pages"}],"about":[{"href":"https:\/\/mk-lehti.fi\/index.php?rest_route=\/wp\/v2\/types\/page"}],"author":[{"embeddable":true,"href":"https:\/\/mk-lehti.fi\/index.php?rest_route=\/wp\/v2\/users\/2"}],"replies":[{"embeddable":true,"href":"https:\/\/mk-lehti.fi\/index.php?rest_route=%2Fwp%2Fv2%2Fcomments&post=8"}],"version-history":[{"count":3,"href":"https:\/\/mk-lehti.fi\/index.php?rest_route=\/wp\/v2\/pages\/8\/revisions"}],"predecessor-version":[{"id":61,"href":"https:\/\/mk-lehti.fi\/index.php?rest_route=\/wp\/v2\/pages\/8\/revisions\/61"}],"wp:attachment":[{"href":"https:\/\/mk-lehti.fi\/index.php?rest_route=%2Fwp%2Fv2%2Fmedia&parent=8"}],"curies":[{"name":"wp","href":"https:\/\/api.w.org\/{rel}","templated":true}]}}